{"id":3,"date":"2022-07-13T17:00:48","date_gmt":"2022-07-13T17:00:48","guid":{"rendered":"https:\/\/javivaldes.com\/hostainable\/?page_id=3"},"modified":"2022-10-25T09:49:00","modified_gmt":"2022-10-25T07:49:00","slug":"privacidad","status":"publish","type":"page","link":"https:\/\/javivaldes.com\/hostainable\/privacidad\/","title":{"rendered":"Pol\u00edtica de privacidad"},"content":{"rendered":"<div class=\"fusion-fullwidth fullwidth-box fusion-builder-row-1 fusion-flex-container nonhundred-percent-fullwidth non-hundred-percent-height-scrolling\" style=\"background-color: rgba(255,255,255,0);background-position: center center;background-repeat: no-repeat;border-width: 0px 0px 0px 0px;border-color:var(--awb-color3);border-style:solid;\" ><div class=\"fusion-builder-row fusion-row fusion-flex-align-items-flex-start\" style=\"max-width:1248px;margin-left: calc(-4% \/ 2 );margin-right: calc(-4% \/ 2 );\"><div class=\"fusion-layout-column fusion_builder_column fusion-builder-column-0 fusion_builder_column_1_1 1_1 fusion-flex-column\"><div class=\"fusion-column-wrapper fusion-flex-justify-content-flex-start fusion-content-layout-column\" style=\"background-position:left top;background-repeat:no-repeat;-webkit-background-size:cover;-moz-background-size:cover;-o-background-size:cover;background-size:cover;padding: 0px 0px 0px 0px;\"><div style=\"text-align:left;\"><span class=\" fusion-imageframe imageframe-none imageframe-1 hover-type-none\"><a class=\"fusion-no-lightbox\" href=\"https:\/\/javivaldes.com\/hostainable\/\" target=\"_self\" aria-label=\"hostainable icon\"><img width=\"192\" height=\"192\" src=\"https:\/\/javivaldes.com\/hostainable\/wp-content\/uploads\/2022\/08\/android-chrome-192x192-2.png\" alt class=\"img-responsive wp-image-394\"\/><\/a><\/span><\/div><div class=\"fusion-text fusion-text-1\"><ol>\n<li><strong>USO Y TRATAMIENTO DE DATOS DE CAR\u00c1CTER PERSONAL<\/strong><\/li>\n<\/ol>\n<p>En cumplimiento de lo establecido en la Ley Org\u00e1nica 15\/1999, de 13 de diciembre, de Protecci\u00f3n de Datos de Car\u00e1cter Personal (en adelante LOPD) Carme Martin Vicens (en adelante HOSTAINABLE), con domicilio en Diseminados varios 36, ses salines, 07640 Mallorca. Islas Baleares y con NIF: 41574089W le informa que los datos de car\u00e1cter personal proporcionados, a trav\u00e9s del Sitio Web, as\u00ed como los que pudiera facilitar en el futuro en el marco de su relaci\u00f3n jur\u00eddica con HOSTAINABLE, ser\u00e1n incorporados en los ficheros automatizados y no automatizados titularidad del responsable, cuyos datos constan en el encabezamiento.<\/p>\n<p>Estos ficheros tienen la finalidad de gestionar, administrar, prestarle los servicios o facilitarle los productos que solicite, facilitar el cumplimiento y ejecuci\u00f3n de los contratos que pudiera celebrar, conocer mejor sus gustos y adecuar los servicios a sus preferencias, as\u00ed como poder ofrecerle nuevos servicios o productos y enviarle informaci\u00f3n administrativa, t\u00e9cnica, organizativa y\/o comercial de forma documental y\/o electr\u00f3nica relacionada con las actividades de HOSTAINABLE. Los destinatarios de la informaci\u00f3n recogida ser\u00e1n exclusivamente los propios empleados de HOSTAINABLE, las respuestas a las preguntas sobre datos personales son voluntarias, sin que la falta de contestaci\u00f3n a dichas preguntas implique una merma en la calidad de los servicios que Usted solicita.<\/p>\n<ol start=\"2\">\n<li><strong> EJERCICIO DE DERECHOS: ACCESO, RECTIFICACI\u00d3N, CANCELACI\u00d3N Y OPOSICI\u00d3N<\/strong><\/li>\n<\/ol>\n<p>Aquellas personas f\u00edsicas que hayan facilitado sus datos a HOSTAINABLE, podr\u00e1n dirigirse a la entidad, en su calidad de Responsable del fichero, con el fin de poder ejercitar gratuitamente sus derechos de acceso, rectificaci\u00f3n, cancelaci\u00f3n y oposici\u00f3n respecto de los datos incorporados en sus ficheros. Dado el car\u00e1cter confidencial de la informaci\u00f3n, Vd. no podr\u00e1 ejercitar sus derechos telef\u00f3nicamente, se debe solicitar por cualquier medio que deje constancia de su env\u00edo y de su recepci\u00f3n y remitir copia de su DNI o documento equivalente. El interesado podr\u00e1 ejercitar sus derechos mediante comunicaci\u00f3n por escrito dirigida a HOSTAINABLE, en la direcci\u00f3n indicada al inicio o a la direcci\u00f3n de correo electr\u00f3nico web@hostainable.com<\/p>\n<ol start=\"3\">\n<li><strong> MEDIDAS DE SEGURIDAD<\/strong><\/li>\n<\/ol>\n<p>HOSTAINABLE, le informa que tiene implantadas las medidas de seguridad de \u00edndole t\u00e9cnica y organizativas necesarias para garantizar la seguridad de sus datos de car\u00e1cter personal y evitar su alteraci\u00f3n, p\u00e9rdida, tratamiento y\/o acceso no autorizado, habida cuenta del estado de la tecnolog\u00eda, la naturaleza de los datos almacenados y los riesgos a que est\u00e1n expuestos, ya provengan de la acci\u00f3n humana o del medio f\u00edsico o natural. Todo ello, de conformidad con lo previsto en el art\u00edculo 9 de la LOPD y en el Real Decreto 1720\/2007, de 21 de diciembre, por el que se aprueba el Reglamento de desarrollo de la Ley Org\u00e1nica 15\/1999, de 13 de diciembre, de protecci\u00f3n de datos de car\u00e1cter personal. As\u00ed, HOSTAINABLE., ha establecido medidas adicionales en orden a reforzar la confidencialidad e integridad de la informaci\u00f3n en la organizaci\u00f3n. No obstante, el usuario debe ser consciente de que las medidas de seguridad en Internet no son inexpugnables. HOSTAINABLE, continuamente mantiene la supervisi\u00f3n, control y evaluaci\u00f3n de los procesos para asegurar el respeto a la privacidad de los datos.<\/p>\n<ol start=\"4\">\n<li><strong> USO DE COOKIES<\/strong><\/li>\n<\/ol>\n<p>Las \u201ccookies\u201d constituyen una herramienta empleada por los servidores Web para almacenar y recuperar informaci\u00f3n acerca de sus usuarios. Las \u201ccookies\u201d son mensajes enviados por el servidor al ordenador del usuario, consistentes en ficheros de texto que se almacenan en la memoria del ordenador y que recogen informaci\u00f3n relativa a las p\u00e1ginas que se visitan, el tiempo de conexi\u00f3n a Internet, etc. Las \u201ccookies\u201d vuelven a ser enviadas al servidor cada vez que el usuario entra en esa p\u00e1gina. La finalidad de las \u201ccookies\u201d de HOSTAINABLE, es personalizar los servicios que le ofrecemos, facilit\u00e1ndole informaci\u00f3n que pueda ser de su inter\u00e9s. Si no desea que se instale en su disco duro una cookie puede configurar el navegador de su ordenador para no recibirlas. Sin embargo, le hacemos notar que, en ese caso, la calidad del funcionamiento del website puede disminuir. Las \u201ccookies\u201d se asocian \u00fanicamente con un usuario an\u00f3nimo y su ordenador, y no proporcionan por s\u00ed solas los datos personales del cliente, ni pueden leer datos de su disco duro, ni leer los archivos cookie creados por otros proveedores. Los \u201clogs\u201d son unos archivos almacenados en el servidor de HOSTAINABLE, que registran datos sobre su navegaci\u00f3n y nos permiten seguirle prestando los servicios que solicita. Asimismo, nos ayudan a analizar el funcionamiento del sistema, localizar las incidencias y problemas que puedan surgir y solventarlos en el menor plazo posible.<\/p>\n<ol start=\"5\">\n<li><strong> MENORES DE EDAD<\/strong><\/li>\n<\/ol>\n<p>HOSTAINABLE, considera que la protecci\u00f3n de datos de car\u00e1cter personal es esencial, por lo que en el supuesto de que el usuario sea menor de edad, \u00e9ste s\u00f3lo podr\u00e1 aportar sus datos personales en los formularios de recogida de los mismos, con el previo consentimiento de los padres o tutores, enviando el formulario correspondiente debidamente firmado por los padres o tutores por correo certificado y con copia del DNI del padre o tutor firmante a la direcci\u00f3n de HOSTAINABLE, arriba indicada. HOSTAINABLE, no responde de aquellos datos de menores que sin poder conocer HOSTAINABLE, este hecho se haya facilitado sin el consentimiento de los padres o tutores.<\/p>\n<ol start=\"6\">\n<li><strong> MODIFICACI\u00d3N DE LA POL\u00cdTICA DE PRIVACIDAD<\/strong><\/li>\n<\/ol>\n<p>HOSTAINABLE se reserva el derecho a modificar su Pol\u00edtica de Privacidad, de acuerdo a su propio criterio, o motivado por un cambio doctrinal de la Agencia Espa\u00f1ola de Protecci\u00f3n de Datos, legislativo o jurisprudencial. Cualquier modificaci\u00f3n de la Pol\u00edtica de Privacidad ser\u00e1 publicada al menos diez d\u00edas antes de su efectiva aplicaci\u00f3n. El uso del Web despu\u00e9s de dichos cambios, implicar\u00e1 la aceptaci\u00f3n de \u00e9stos.<\/p>\n<ol start=\"7\">\n<li><strong> PROTECCI\u00d3N DE DATOS.<\/strong><\/li>\n<\/ol>\n<p>HOSTAINABLE se compromete a tratar los datos que solicite a trav\u00e9s del Sitio Web conforme a lo establecido en la normativa aplicable de protecci\u00f3n de datos y, en especial, de la Ley Org\u00e1nica 15\/1999, de 13 de diciembre, de Protecci\u00f3n de Datos de Car\u00e1cter Personal, as\u00ed como de su reglamento de desarrollo (Real Decreto 1720\/2007, de 21 de diciembre).<\/p>\n<p>Mediante el env\u00edo de los datos personales a trav\u00e9s del Sitio Web, el Usuario acepta su incorporaci\u00f3n a un fichero titularidad de HOSTAINABLE con el objeto de recibir informaci\u00f3n comercial, promocional y de marketing de HOSTAINABLE y de sus empresas colaboradoras.<\/p>\n<p>La remisi\u00f3n de datos a trav\u00e9s del Sitio Web es voluntaria, si bien el Usuario manifiesta y garantiza que los datos que en su caso facilite son veraces y exactos. HOSTAINABLE no se responsabiliza por la p\u00e9rdida o incorrecta recepci\u00f3n de comunicaciones o formularios que sean consecuencia de fallos t\u00e9cnicos.<\/p>\n<p>Para el ejercicio del derecho de acceso, rectificaci\u00f3n, oposici\u00f3n o cancelaci\u00f3n, el Usuario podr\u00e1 remitir un correo electr\u00f3nico a HOSTAINABLE. a la direcci\u00f3n web@hostainable.com con el asunto \u201cPROTECCI\u00d3N DE DATOS\u201d, debiendo proporcionar nombre, apellidos, tel\u00e9fono de contacto y direcci\u00f3n de correo electr\u00f3nico as\u00ed como detalle de la acci\u00f3n solicitada. Como medio alternativo, podr\u00e1 dirigir una carta por correo postal al domicilio de HOSTAINABLE con la informaci\u00f3n antes referida.<\/p>\n<ol start=\"8\">\n<li><strong> VIGENCIA.<\/strong><\/li>\n<\/ol>\n<p>Las presentes Condiciones de Uso han sido redactadas y aprobadas por HOSTAINABLE con fecha de 19 de agosto de 2022 y permanecer\u00e1n vigentes hasta el momento en que sean sustituidas por otras a trav\u00e9s de su publicaci\u00f3n en el Sitio Web.<\/p>\n<ol start=\"9\">\n<li><strong> LEY APLICABLE Y JURISDICCI\u00d3N.<\/strong><\/li>\n<\/ol>\n<p>El Sitio Web (excluyendo los enlaces a terceros) es controlado por HOSTAINABLE y administrado desde sus oficinas situadas en Islas Baleares, Espa\u00f1a. Mediante la publicaci\u00f3n, acceso y\/o uso de este Sitio Web, usted y HOSTAINABLE expresamente aceptan que todas las disputas, reclamaciones y otras cuestiones derivadas o relacionadas con tu uso del Sitio Web quedar\u00e1n sujetas a las leyes Espa\u00f1olas, sin perjuicio de los principios que regulan los conflictos de leyes. Usted acepta que todas las reclamaciones o quejas que tenga contra HOSTAINABLE que provengan o est\u00e9n relacionadas con el funcionamiento o el uso del Sitio Web ser\u00e1n resueltas por el tribunal competente situado en Islas Baleares, Espa\u00f1a.<\/p>\n<\/div><\/div><style type=\"text\/css\">.fusion-body .fusion-builder-column-0{width:100% !important;margin-top : 0px;margin-bottom : 0px;}.fusion-builder-column-0 > .fusion-column-wrapper {padding-top : 0px !important;padding-right : 0px !important;margin-right : 1.92%;padding-bottom : 0px !important;padding-left : 0px !important;margin-left : 1.92%;}@media only screen and (max-width:1024px) {.fusion-body .fusion-builder-column-0{width:100% !important;}.fusion-builder-column-0 > .fusion-column-wrapper {margin-right : 1.92%;margin-left : 1.92%;}}@media only screen and (max-width:640px) {.fusion-body .fusion-builder-column-0{width:100% !important;}.fusion-builder-column-0 > .fusion-column-wrapper {margin-right : 1.92%;margin-left : 1.92%;}}<\/style><\/div><\/div><style type=\"text\/css\">.fusion-body .fusion-flex-container.fusion-builder-row-1{ padding-top : 0px;margin-top : 0px;padding-right : 0px;padding-bottom : 0px;margin-bottom : 0px;padding-left : 0px;}<\/style><\/div>\n","protected":false},"excerpt":{"rendered":"","protected":false},"author":1,"featured_media":0,"parent":0,"menu_order":0,"comment_status":"closed","ping_status":"open","template":"","meta":[],"_links":{"self":[{"href":"https:\/\/javivaldes.com\/hostainable\/wp-json\/wp\/v2\/pages\/3"}],"collection":[{"href":"https:\/\/javivaldes.com\/hostainable\/wp-json\/wp\/v2\/pages"}],"about":[{"href":"https:\/\/javivaldes.com\/hostainable\/wp-json\/wp\/v2\/types\/page"}],"author":[{"embeddable":true,"href":"https:\/\/javivaldes.com\/hostainable\/wp-json\/wp\/v2\/users\/1"}],"replies":[{"embeddable":true,"href":"https:\/\/javivaldes.com\/hostainable\/wp-json\/wp\/v2\/comments?post=3"}],"version-history":[{"count":7,"href":"https:\/\/javivaldes.com\/hostainable\/wp-json\/wp\/v2\/pages\/3\/revisions"}],"predecessor-version":[{"id":436,"href":"https:\/\/javivaldes.com\/hostainable\/wp-json\/wp\/v2\/pages\/3\/revisions\/436"}],"wp:attachment":[{"href":"https:\/\/javivaldes.com\/hostainable\/wp-json\/wp\/v2\/media?parent=3"}],"curies":[{"name":"wp","href":"https:\/\/api.w.org\/{rel}","templated":true}]}}