{"id":405,"date":"2022-08-25T18:59:15","date_gmt":"2022-08-25T16:59:15","guid":{"rendered":"https:\/\/javivaldes.com\/hostainable\/?page_id=405"},"modified":"2022-10-25T09:46:54","modified_gmt":"2022-10-25T07:46:54","slug":"legal","status":"publish","type":"page","link":"https:\/\/javivaldes.com\/hostainable\/legal\/","title":{"rendered":"Aviso legal"},"content":{"rendered":"<div class=\"fusion-fullwidth fullwidth-box fusion-builder-row-1 fusion-flex-container nonhundred-percent-fullwidth non-hundred-percent-height-scrolling\" style=\"background-color: rgba(255,255,255,0);background-position: center center;background-repeat: no-repeat;border-width: 0px 0px 0px 0px;border-color:var(--awb-color3);border-style:solid;\" ><div class=\"fusion-builder-row fusion-row fusion-flex-align-items-flex-start\" style=\"max-width:1248px;margin-left: calc(-4% \/ 2 );margin-right: calc(-4% \/ 2 );\"><div class=\"fusion-layout-column fusion_builder_column fusion-builder-column-0 fusion_builder_column_1_1 1_1 fusion-flex-column\"><div class=\"fusion-column-wrapper fusion-flex-justify-content-flex-start fusion-content-layout-column\" style=\"background-position:left top;background-repeat:no-repeat;-webkit-background-size:cover;-moz-background-size:cover;-o-background-size:cover;background-size:cover;padding: 0px 0px 0px 0px;\"><div style=\"text-align:left;\"><span class=\" fusion-imageframe imageframe-none imageframe-1 hover-type-none\"><a class=\"fusion-no-lightbox\" href=\"https:\/\/javivaldes.com\/hostainable\/\" target=\"_self\" aria-label=\"hostainable icon\"><img width=\"192\" height=\"192\" src=\"https:\/\/javivaldes.com\/hostainable\/wp-content\/uploads\/2022\/08\/android-chrome-192x192-2.png\" alt class=\"img-responsive wp-image-394\"\/><\/a><\/span><\/div><div class=\"fusion-text fusion-text-1\"><p><strong>DATOS DE IDENTIFICACI\u00d3N<\/strong><\/p>\n<p>Usted est\u00e1 visitando la p\u00e1gina Web www.hostainable.com (en adelante, el SITIO WEB), que es un dominio registrado por Carme Martin Vicens (en adelante HOSTAINABLE).<\/p>\n<p><strong>NIF<\/strong>: 41574089W<\/p>\n<p><strong>DIRECCION<\/strong>: Diseminados varios 36, ses salines, 07640 Islas Baleares<\/p>\n<p><strong>CORREO ELECTR\u00d3NICO<\/strong>: web@hostainable.com<\/p>\n<p><strong>CONDICIONES DE USO<\/strong><\/p>\n<p>Las condiciones generales contenidas en el presente aviso legal regulan el acceso y utilizaci\u00f3n de la p\u00e1gina Web que HOSTAINABLE en principio, pone gratuitamente a disposici\u00f3n de los usuarios de Internet, sin perjuicio de que esta circunstancia pueda variar en el futuro.<\/p>\n<p>El acceso a la misma implica la aceptaci\u00f3n sin reservas de las presentes condiciones.<\/p>\n<p>La utilizaci\u00f3n de determinados servicios ofrecidos en este sitio se regir\u00e1, adem\u00e1s, por las condiciones particulares previstas en cada caso, que se entender\u00e1n aceptadas por el mero uso de tales servicios.<\/p>\n<p><strong>AUTORIZACI\u00d3N<\/strong><\/p>\n<p>Se autoriza la visualizaci\u00f3n, impresi\u00f3n y descarga parcial del contenido de la p\u00e1gina Web s\u00f3lo y exclusivamente si concurren las siguientes condiciones:<\/p>\n<ul>\n<li>Que sea compatible con los fines de la p\u00e1gina Web.<\/li>\n<li>Que se realice con el exclusivo \u00e1nimo de obtener la informaci\u00f3n contenida para uso personal y privado. Se proh\u00edbe expresamente su utilizaci\u00f3n con fines comerciales o para su distribuci\u00f3n, comunicaci\u00f3n p\u00fablica, transformaci\u00f3n o descompilaci\u00f3n.<\/li>\n<li>Que ninguno de los contenidos relacionados en la p\u00e1gina Web sea modificado de manera alguna.<\/li>\n<li>Que ning\u00fan gr\u00e1fico, icono o imagen disponible en la p\u00e1gina Web sea utilizado, copiado o distribuido separadamente del resto de im\u00e1genes que lo acompa\u00f1an.<\/li>\n<\/ul>\n<p>La utilizaci\u00f3n no autorizada de la informaci\u00f3n contenida en la p\u00e1gina Web, su reventa, as\u00ed como la lesi\u00f3n de los derechos de propiedad intelectual o industrial de HOSTAINABLE dar\u00e1 lugar a las responsabilidades legalmente establecidas.<\/p>\n<p><strong>FUNCIONAMIENTO Y DISPONIBILIDAD DEL SITIO WEB:<\/strong><\/p>\n<p>HOSTAINABLE se reserva la facultad de efectuar en cualquier momento y sin necesidad de previo aviso modificaciones y actualizaciones de la informaci\u00f3n contenida en la p\u00e1gina Web, de la configuraci\u00f3n y presentaci\u00f3n de \u00e9sta y de las condiciones de acceso.<\/p>\n<p>HOSTAINABLE no se hace responsable de los errores de seguridad que se puedan producir ni de los da\u00f1os que puedan causarse al sistema inform\u00e1tico del usuario (hardware y software), o a los ficheros o documentos almacenados en el mismo, como consecuencia de:<\/p>\n<ul>\n<li>La presencia de un virus en el ordenador del usuario que sea utilizado para la conexi\u00f3n a los servicios y contenidos de la p\u00e1gina Web.<\/li>\n<li>Un mal funcionamiento del navegador.<\/li>\n<li>Uso de versiones no actualizadas del mismo.<\/li>\n<\/ul>\n<p>HOSTAINABLE no garantiza la ausencia de virus ni de otros elementos en el Sitio Web introducidos por terceros ajenos a HOSTAINABLE que puedan producir alteraciones en los sistemas f\u00edsicos o l\u00f3gicos de los Usuarios o en los documentos electr\u00f3nicos y ficheros almacenados en sus sistemas. En consecuencia, HOSTAINABLE no ser\u00e1 en ning\u00fan caso responsable de cualesquiera da\u00f1os y perjuicios de toda \u00edndole que pudieran derivarse de la presencia de virus u otros elementos que puedan producir alteraciones en los sistemas f\u00edsicos o l\u00f3gicos, documentos electr\u00f3nicos o ficheros de los Usuarios.<\/p>\n<p>Asimismo, HOSTAINABLE utiliza diversas medidas de protecci\u00f3n de su Sitio Web contra ataques inform\u00e1ticos de terceros. No obstante, HOSTAINABLE no garantiza que terceros no autorizados puedan tener acceso al tipo de uso del Sitio Web que hace el Usuario o las condiciones, caracter\u00edsticas y circunstancias en las cuales se realiza dicho uso. En consecuencia, HOSTAINABLE no ser\u00e1 en ning\u00fan caso responsable de los da\u00f1os y perjuicios que pudieran derivarse de dicho acceso no autorizado.<\/p>\n<p>HOSTAINABLE no garantiza la inexistencia de interrupciones o errores en el acceso a la p\u00e1gina Web o a su contenido, ni que \u00e9sta se encuentre actualizada. HOSTAINABLE llevar\u00e1 a cabo, siempre que no concurran causas que lo hagan imposible o de dif\u00edcil ejecuci\u00f3n y tan pronto tenga noticia de los errores, desconexiones o falta de actualizaci\u00f3n en los contenidos, todas a aquellas labores tendentes a subsanar los errores, restablecer la comunicaci\u00f3n y actualizar los contenidos.<\/p>\n<p>HOSTAINABLE se reserva el derecho de interrumpir el acceso a su Sitio Web o de cualquiera de sus contenidos en cualquier momento y sin previo aviso.<\/p>\n<p><strong>CONTENIDOS Y LA CALIDAD DEL SERVICIO<\/strong><\/p>\n<p>HOSTAINABLE no asume la responsabilidad alguna derivada de los contenidos enlazados en la p\u00e1gina Web, siempre que sean ajenos a la misma, ni garantiza la ausencia de virus u otros elementos en los mismos que puedan producir alteraciones en el sistema inform\u00e1tico (hardware y software), en los documentos o los ficheros del usuario, excluyendo cualquier responsabilidad por los da\u00f1os de cualquier clase causados al usuario por este motivo.<\/p>\n<p>En el caso de que cualquier usuario, cliente o un tercero, considerara que el contenido o los servicios prestados por las p\u00e1ginas enlazadas son il\u00edcitos o lesionan bienes o derechos del propio usuario, de un cliente o de un tercero susceptibles de indemnizaci\u00f3n, y, en particular, consistan en:<\/p>\n<ul>\n<li>Actividades o contenidos susceptibles de ser considerados delictivos conforme a la normativa penal espa\u00f1ola.<\/li>\n<li>Actividades o contenidos que violen derechos de propiedad intelectual o industrial.<\/li>\n<li>Actividades o contenidos que pongan en peligro el orden p\u00fablico, la investigaci\u00f3n penal, la seguridad p\u00fablica y la defensa nacional.<\/li>\n<li>Actividades o contenidos que pongan en peligro la protecci\u00f3n de la salud p\u00fablica, el respeto a la dignidad de la persona y al principio de no discriminaci\u00f3n, y la protecci\u00f3n de la salud y la infancia.<\/li>\n<\/ul>\n<p>Podr\u00e1 ponerlo en conocimiento de HOSTAINABLE; no obstante, la recepci\u00f3n por ella de dicha comunicaci\u00f3n no supondr\u00e1 conocimiento a los efectos de la responsabilidad prevista en el art\u00edculo 17 de la LSSICE.<\/p>\n<p>HOSTAINABLE no se hace responsable de la falta de utilidad o adecuaci\u00f3n para un uso espec\u00edfico del presente Sitio Web. Tampoco se responsabiliza de los perjuicios que pueda sufrir el Usuario por los errores u omisiones de los que pudieran adolecer los contenidos de este Sitio Web, si bien se compromete a verificar y vigilar peri\u00f3dicamente sus contenidos e informaciones.<\/p>\n<p><strong>UTILIZACI\u00d3N DEL PORTAL WEB<\/strong><\/p>\n<p>HOSTAINABLE no se har\u00e1 responsable en ning\u00fan caso del uso que los Usuarios pudieran hacer del Sitio Web o los Contenidos, ni de los da\u00f1os y perjuicios que pudieran derivarse del mismo.<\/p>\n<p><strong>ENLACES A OTROS SITIOS WEB<\/strong><\/p>\n<p>Todo enlace de terceros a la p\u00e1gina Web debe serlo a su p\u00e1gina principal, quedando expresamente prohibido los \u201clinks profundos\u201d, el \u201cframing\u201d y cualquier otro aprovechamiento de los contenidos de la p\u00e1gina Web, a favor de terceros no autorizados.<\/p>\n<p>A trav\u00e9s del presente Sitio Web el Usuario podr\u00e1 acceder a sitios Web pertenecientes a y\/o gestionados por terceros.<\/p>\n<p>La presencia de tales enlaces es meramente informativa, no constituyendo en ning\u00fan caso una invitaci\u00f3n a la contrataci\u00f3n de productos o servicios que se ofrezcan en el Sitio Web de destino. El Usuario acceder\u00e1 bajo su exclusiva responsabilidad al contenido, y en las condiciones de uso que rijan en los mismos. El Usuario reconoce y acepta que HOSTAINABLE no se hace responsable, directa o indirectamente, de cualesquiera da\u00f1os y perjuicios causados por el acceso a tales links.<\/p>\n<p>En caso de que HOSTAINABLE tenga conocimiento efectivo de que la informaci\u00f3n o la actividad a la que se remite desde dichos enlaces es il\u00edcita, constitutiva de delito o puede lesionar bienes o derechos de un tercero susceptibles de indemnizaci\u00f3n, actuar\u00e1 con la diligencia necesaria para suprimir o inutilizar el enlace correspondiente con la mayor brevedad posible.<\/p>\n<p><strong>PROPIEDAD INDUSTRIAL<\/strong><\/p>\n<p>El uso de la p\u00e1gina Web no atribuye al usuario derecho alguno sobre marcas, nombres comerciales, signos distintivos o dise\u00f1os de cualquier tipo que aparecen en la p\u00e1gina Web.<\/p>\n<p>Los art\u00edculos, noticias, legislaci\u00f3n y dem\u00e1s contenidos p\u00fablicos cuyos derechos de propiedad intelectual no pertenezcan a HOSTAINABLE o est\u00e1n publicados con la \u00fanica finalidad de informar a los usuarios de esta p\u00e1gina.<\/p>\n<p>HOSTAINABLE es titular del c\u00f3digo fuente, dise\u00f1o, estructura de navegaci\u00f3n, bases de datos y los distintos elementos de software de la p\u00e1gina Web, as\u00ed como de los derechos de propiedad industrial e intelectual referidos a los contenidos que en ella se incluyan.<\/p>\n<p>HOSTAINABLE y el usuario, con renuncia expresa a cualquier otro fuero, se someten a la jurisdicci\u00f3n de los juzgados y tribunales del domicilio de Madrid para cualquier controversia que pudiera derivarse del acceso o uso de la p\u00e1gina Web.<\/p>\n<\/div><\/div><style type=\"text\/css\">.fusion-body .fusion-builder-column-0{width:100% !important;margin-top : 0px;margin-bottom : 0px;}.fusion-builder-column-0 > .fusion-column-wrapper {padding-top : 0px !important;padding-right : 0px !important;margin-right : 1.92%;padding-bottom : 0px !important;padding-left : 0px !important;margin-left : 1.92%;}@media only screen and (max-width:1024px) {.fusion-body .fusion-builder-column-0{width:100% !important;}.fusion-builder-column-0 > .fusion-column-wrapper {margin-right : 1.92%;margin-left : 1.92%;}}@media only screen and (max-width:640px) {.fusion-body .fusion-builder-column-0{width:100% !important;}.fusion-builder-column-0 > .fusion-column-wrapper {margin-right : 1.92%;margin-left : 1.92%;}}<\/style><\/div><\/div><style type=\"text\/css\">.fusion-body .fusion-flex-container.fusion-builder-row-1{ padding-top : 0px;margin-top : 0px;padding-right : 0px;padding-bottom : 0px;margin-bottom : 0px;padding-left : 0px;}<\/style><\/div>\n","protected":false},"excerpt":{"rendered":"","protected":false},"author":1,"featured_media":0,"parent":0,"menu_order":0,"comment_status":"closed","ping_status":"closed","template":"","meta":[],"_links":{"self":[{"href":"https:\/\/javivaldes.com\/hostainable\/wp-json\/wp\/v2\/pages\/405"}],"collection":[{"href":"https:\/\/javivaldes.com\/hostainable\/wp-json\/wp\/v2\/pages"}],"about":[{"href":"https:\/\/javivaldes.com\/hostainable\/wp-json\/wp\/v2\/types\/page"}],"author":[{"embeddable":true,"href":"https:\/\/javivaldes.com\/hostainable\/wp-json\/wp\/v2\/users\/1"}],"replies":[{"embeddable":true,"href":"https:\/\/javivaldes.com\/hostainable\/wp-json\/wp\/v2\/comments?post=405"}],"version-history":[{"count":5,"href":"https:\/\/javivaldes.com\/hostainable\/wp-json\/wp\/v2\/pages\/405\/revisions"}],"predecessor-version":[{"id":435,"href":"https:\/\/javivaldes.com\/hostainable\/wp-json\/wp\/v2\/pages\/405\/revisions\/435"}],"wp:attachment":[{"href":"https:\/\/javivaldes.com\/hostainable\/wp-json\/wp\/v2\/media?parent=405"}],"curies":[{"name":"wp","href":"https:\/\/api.w.org\/{rel}","templated":true}]}}