{"id":428,"date":"2022-09-13T11:30:05","date_gmt":"2022-09-13T09:30:05","guid":{"rendered":"https:\/\/javivaldes.com\/hostainable\/?page_id=428"},"modified":"2022-10-25T09:45:55","modified_gmt":"2022-10-25T07:45:55","slug":"cookies","status":"publish","type":"page","link":"https:\/\/javivaldes.com\/hostainable\/cookies\/","title":{"rendered":"Cookies"},"content":{"rendered":"<h3 class=\"fusion-responsive-typography-calculated\" data-fontsize=\"32\" data-lineheight=\"41.6px\"><strong>\u00bfQU\u00c9 SON LAS COOKIES?<\/strong><\/h3>\n<p>Una cookie es un fichero que se descarga en tu ordenador al acceder a determinadas p\u00e1ginas web. Las cookies permiten a una p\u00e1gina web, entre otras cosas, almacenar y recuperar informaci\u00f3n sobre los h\u00e1bitos de navegaci\u00f3n de un usuario o de su equipo y, dependiendo de la informaci\u00f3n que contengan y de la forma en que utilice su equipo, pueden utilizarse para reconocer al usuario.<\/p>\n<h3 class=\"fusion-responsive-typography-calculated\" data-fontsize=\"32\" data-lineheight=\"41.6px\"><strong>\u00bfPARA QU\u00c9 SIRVEN LAS COOKIES?<\/strong><\/h3>\n<p>La utilizaci\u00f3n de las cookies tiene como finalidad exclusiva recordar las preferencias del usuario (idioma, pa\u00eds, inicio de sesi\u00f3n, caracter\u00edsticas de su navegador, informaci\u00f3n de uso de nuestra web, etc.)<\/p>\n<h3 class=\"fusion-responsive-typography-calculated\" data-fontsize=\"32\" data-lineheight=\"41.6px\"><strong>TIPOS Y FINALIDADES DE LAS COOKIES<\/strong><\/h3>\n<p>A continuaci\u00f3n se presenta una lista de las cookies que puede encontrar en hostainable.com y una breve descripci\u00f3n de su finalidad. Aseguramos que ninguna de ellas conserva informaci\u00f3n de identificaci\u00f3n personal sobre el usuario.<\/p>\n<table border=\"0\" width=\"100%\" cellspacing=\"0\" cellpadding=\"10\">\n<tbody>\n<tr>\n<th width=\"135\">COOKIE<\/th>\n<th width=\"235\">DESCRIPCI\u00d3N<\/th>\n<th width=\"91\">DURACI\u00d3N<\/th>\n<\/tr>\n<tr>\n<td width=\"135\">_ga<\/td>\n<td width=\"235\">Instalada por Google Analytics, calcula los datos de visitantes, sesiones y campa\u00f1as y tambi\u00e9n realiza un seguimiento del uso del sitio para el informe de an\u00e1lisis del mismo. La cookie almacena informaci\u00f3n de forma an\u00f3nima y asigna un n\u00famero generado aleatoriamente para reconocer visitantes \u00fanicos.<\/td>\n<td width=\"91\">2 a\u00f1os<\/td>\n<\/tr>\n<tr>\n<td width=\"135\">_ga_XXXXX<\/td>\n<td width=\"235\">Instalada por Google Analytics sirve para mantener un seguimiento del uso del sitio para las anal\u00edticas.<\/td>\n<td width=\"91\">2 a\u00f1os<\/td>\n<\/tr>\n<tr>\n<td width=\"135\">cookielawinfo-checkbox-analytics<\/td>\n<td width=\"235\">Se utiliza para guardar el consentimiento del usuario en la categor\u00eda \u00abAnal\u00edticas\u00bb.<\/td>\n<td width=\"91\">1 a\u00f1o<\/td>\n<\/tr>\n<tr>\n<td width=\"135\">cookielawinfo-checkbox-necessary<\/td>\n<td width=\"235\">Se utiliza para guardar el consentimiento del usuario de las cookies de la categor\u00eda \u00abNecesarias\u00bb.<\/td>\n<td width=\"91\">1 a\u00f1o<\/td>\n<\/tr>\n<tr>\n<td width=\"135\">CookieLawInfoConsent<\/td>\n<td width=\"235\">Cookie gestionada por el complemento de consentimiento de cookies de GDPR, se utiliza para almacenar las preferencias de consentimiento de cookies del usuario.<\/td>\n<td width=\"91\">1 a\u00f1o<\/td>\n<\/tr>\n<tr>\n<td width=\"135\">viewed_cookie_policy<\/td>\n<td width=\"235\">Se utiliza para guardar si el usuario ha consentido el uso de cookies.<\/td>\n<td width=\"91\">1 a\u00f1o<\/td>\n<\/tr>\n<\/tbody>\n<\/table>\n<p>&nbsp;<\/p>\n<h3 class=\"fusion-responsive-typography-calculated\" data-fontsize=\"32\" data-lineheight=\"41.6px\"><strong>CONSENTIMIENTO<\/strong><\/h3>\n<p>El usuario puede configurar su navegador para aceptar, o no, las cookies que recibe o para que el navegador le avise cuando un servidor quiera guardar una cookie o borrarlas de su ordenador. Puede encontrar las instrucciones en la configuraci\u00f3n de seguridad en su navegador Web.<\/p>\n<p>Ejemplos:<\/p>\n<ul>\n<li>Si utiliza Microsoft Internet Explorer, en la opci\u00f3n de men\u00fa Herramientas &gt; Opciones de Internet &gt; Privacidad &gt; Configuraci\u00f3n.<\/li>\n<li>Si utiliza Firefox, en la opci\u00f3n de men\u00fa Herramientas &gt; Opciones &gt; Privacidad &gt; Cookies.<\/li>\n<li>Si utiliza Google Chrome, en la opci\u00f3n de men\u00fa Configuraci\u00f3n &gt; Privacidad<\/li>\n<li>Si utiliza Safari, en la opci\u00f3n de men\u00fa Preferencias &gt; Seguridad<\/li>\n<\/ul>\n<p>Puede hacer uso de la secci\u00f3n \u201cAyuda\u201d que encontrar\u00e1 en la barra de herramientas de la mayor\u00eda de navegadores para cambiar los ajustes de su ordenador, sin embargo, algunas de las caracter\u00edsticas de nuestros servicios online pueden no funcionar o pueden resultar m\u00e1s complicadas de acceder si rechaza todas las cookies.<\/p>\n<p>Muchos navegadores permiten activar un modo privado mediante el cual las cookies se borran siempre despu\u00e9s de su visita. Dependiendo de cada navegador, este modo privado puede tener diferentes nombres, abajo puede encontrar una lista de los navegadores m\u00e1s comunes y los diferentes nombres de este \u201cmodo privado\u201d:<\/p>\n<ul>\n<li>Internet Explorer 8 y superior: InPrivate<\/li>\n<li>FireFox 3.5 y superior: Navegaci\u00f3n Privada<\/li>\n<li>Google Chrome 10 y superior: Inc\u00f3gnito<\/li>\n<li>Safari 2 y superior: Navegaci\u00f3n Privada<\/li>\n<li>Opera 10.5 y superior: Navegaci\u00f3n Privada<\/li>\n<\/ul>\n<p>Por favor, lea atentamente la secci\u00f3n de ayuda de su navegador para conocer m\u00e1s acerca de como activar el \u201cmodo privado\u201d. Podr\u00e1 seguir visitando nuestra Web aunque su navegador est\u00e9 en \u201cmodo privado\u201d, no obstante, la experiencia de usuario puede no ser \u00f3ptima y algunas utilidades pueden no funcionar.<\/p>\n<p>hostainable.com le agradece la aceptaci\u00f3n de cookies, esto nos ayuda a obtener datos m\u00e1s precisos que nos permiten mejorar el contenido y el dise\u00f1o de nuestra p\u00e1gina Web para adaptarlo a sus preferencias.<\/p>\n","protected":false},"excerpt":{"rendered":"<p>\u00bfQU\u00c9 SON LAS COOKIES? Una cookie es un fichero que [&hellip;]<\/p>\n","protected":false},"author":1,"featured_media":0,"parent":0,"menu_order":0,"comment_status":"closed","ping_status":"closed","template":"","meta":[],"_links":{"self":[{"href":"https:\/\/javivaldes.com\/hostainable\/wp-json\/wp\/v2\/pages\/428"}],"collection":[{"href":"https:\/\/javivaldes.com\/hostainable\/wp-json\/wp\/v2\/pages"}],"about":[{"href":"https:\/\/javivaldes.com\/hostainable\/wp-json\/wp\/v2\/types\/page"}],"author":[{"embeddable":true,"href":"https:\/\/javivaldes.com\/hostainable\/wp-json\/wp\/v2\/users\/1"}],"replies":[{"embeddable":true,"href":"https:\/\/javivaldes.com\/hostainable\/wp-json\/wp\/v2\/comments?post=428"}],"version-history":[{"count":4,"href":"https:\/\/javivaldes.com\/hostainable\/wp-json\/wp\/v2\/pages\/428\/revisions"}],"predecessor-version":[{"id":533,"href":"https:\/\/javivaldes.com\/hostainable\/wp-json\/wp\/v2\/pages\/428\/revisions\/533"}],"wp:attachment":[{"href":"https:\/\/javivaldes.com\/hostainable\/wp-json\/wp\/v2\/media?parent=428"}],"curies":[{"name":"wp","href":"https:\/\/api.w.org\/{rel}","templated":true}]}}